{"id":14315,"date":"2026-02-26T04:34:54","date_gmt":"2026-02-26T03:34:54","guid":{"rendered":"https:\/\/rowermax.shop\/ro64\/produkt\/rower-gorski-olpran-culex-24-shimano\/"},"modified":"2026-02-26T04:34:56","modified_gmt":"2026-02-26T03:34:56","slug":"rower-gorski-olpran-culex-24-shimano","status":"publish","type":"product","link":"https:\/\/torvaniq.shop\/ro64\/produkt\/rower-gorski-olpran-culex-24-shimano\/","title":{"rendered":"ROWER G\u00d3RSKI OLPRAN CULEX 24&quot; , SHIMANO"},"content":{"rendered":"<div style=\"font-family: Arial, sans-serif; line-height: 1.6; color: #333; padding: 20px; clear: both; display: block; width: 100%; float: none; position: static; overflow: hidden;\">\n<div style=\"clear: both; display: block; margin: 10px 0;\">\n<div style=\"clear: both; display: block; margin: 10px 0;\">\n<div style=\"clear: both; display: block; margin: 10px 0;\">\n<div  style=\"max-width:225px;max-height:225px\">\n<div style=\"clear: both; display: block; margin: 10px 0;\">\n<div style=\"clear: both; width: 100%; display: block; margin: 20px 0; padding: 0; float: none; position: static; text-align: center;\"><img decoding=\"async\"  src=\"https:\/\/a.allegroimg.com\/original\/11be91\/62a0bf0e4971bab7c48820f6a343\/ROWER-GORSKI-OLPRAN-CULEX-24-SHIMANO-Material-ramy-stal\" srcset=\"https:\/\/a.allegroimg.com\/original\/11be91\/62a0bf0e4971bab7c48820f6a343\/ROWER-GORSKI-OLPRAN-CULEX-24-SHIMANO-Material-ramy-stal 225w,https:\/\/a.allegroimg.com\/original\/11be91\/62a0bf0e4971bab7c48820f6a343\/ROWER-GORSKI-OLPRAN-CULEX-24-SHIMANO-Material-ramy-stal 225w\" sizes=\"100vw\" width=\"225px\" alt=\"ROWER G\u00d3RSKI OLPRAN CULEX 24&amp;quot; , SHIMANO Materia\u0142 ramy stal\" style=\"max-width: 100%; height: auto; display: block; margin: 0 auto;\"><\/div>\n<\/div>\n<\/div>\n<\/div>\n<\/div>\n<\/div>\n<div style=\"clear: both; display: block; margin: 10px 0;\">\n<div style=\"clear: both; display: block; margin: 10px 0;\">\n<div style=\"clear: both; display: block; margin: 10px 0;\">\n<div  style=\"max-width:2560px;max-height:1660px\">\n<div style=\"clear: both; display: block; margin: 10px 0;\">\n<div style=\"clear: both; width: 100%; display: block; margin: 20px 0; padding: 0; float: none; position: static; text-align: center;\"><img decoding=\"async\"  src=\"https:\/\/a.allegroimg.com\/original\/11b216\/94ac40a245b3bf188c4108947555\/ROWER-GORSKI-OLPRAN-CULEX-24-SHIMANO\" srcset=\"https:\/\/a.allegroimg.com\/original\/11b216\/94ac40a245b3bf188c4108947555\/ROWER-GORSKI-OLPRAN-CULEX-24-SHIMANO 360w,https:\/\/a.allegroimg.com\/original\/11b216\/94ac40a245b3bf188c4108947555\/ROWER-GORSKI-OLPRAN-CULEX-24-SHIMANO 720w,https:\/\/a.allegroimg.com\/original\/11b216\/94ac40a245b3bf188c4108947555\/ROWER-GORSKI-OLPRAN-CULEX-24-SHIMANO 1024w,https:\/\/a.allegroimg.com\/original\/11b216\/94ac40a245b3bf188c4108947555\/ROWER-GORSKI-OLPRAN-CULEX-24-SHIMANO 1440w,https:\/\/a.allegroimg.com\/original\/11b216\/94ac40a245b3bf188c4108947555\/ROWER-GORSKI-OLPRAN-CULEX-24-SHIMANO 2560w\" sizes=\"(min-width: 1200px) 560px, (min-width: 992px) 50vw, 100vw\" width=\"2560px\" alt=\"ROWER G\u00d3RSKI OLPRAN CULEX 24&amp;quot; , SHIMANO\" style=\"max-width: 100%; height: auto; display: block; margin: 0 auto;\"><\/div>\n<\/div>\n<\/div>\n<\/div>\n<\/div>\n<div style=\"clear: both; display: block; margin: 10px 0;\">\n<div style=\"clear: both; display: block; margin: 10px 0;\">\n<h1>ROWER OLPRAN CULEX 24&#8243;<\/h1>\n<h3 style=\"color: #2c5aa0; font-size: 18px; margin: 30px 0 15px 0; font-weight: bold; clear: both; display: block; width: 100%; float: none; position: static;\">SPECYFIKACJA:<\/h3>\n<ul style=\"margin: 15px 0; padding-left: 20px; clear: both; display: block; width: 100%; float: none; position: static;\">\n<li style=\"margin: 5px 0; padding: 2px 0; clear: both; display: list-item; float: none; position: static;\">Rama: &#8211; 15&#8243; amortyzowana<\/li>\n<li style=\"margin: 5px 0; padding: 2px 0; clear: both; display: list-item; float: none; position: static;\">Manetki&nbsp; &#8211; Shimano SIS 3&#215;6<\/li>\n<li style=\"margin: 5px 0; padding: 2px 0; clear: both; display: list-item; float: none; position: static;\">Przerzutka ty\u0142 &#8211; Shimano Tourney<\/li>\n<li style=\"margin: 5px 0; padding: 2px 0; clear: both; display: list-item; float: none; position: static;\">Ilo\u015b\u0107 bieg\u00f3w &#8211; 18<\/li>\n<li style=\"margin: 5px 0; padding: 2px 0; clear: both; display: list-item; float: none; position: static;\">Kaseta \/ wolnobieg &#8211; Shimano<\/li>\n<li style=\"margin: 5px 0; padding: 2px 0; clear: both; display: list-item; float: none; position: static;\">Opony &#8211; 24 &#8222;x 2,1<\/li>\n<li style=\"margin: 5px 0; padding: 2px 0; clear: both; display: list-item; float: none; position: static;\">Hamulec prz\u00f3d \/ ty\u0142 -tarczowy hydrauliczny\/ V-brake<\/li>\n<li style=\"margin: 5px 0; padding: 2px 0; clear: both; display: list-item; float: none; position: static;\">Widelec &#8211; przedni amortyzowany<\/li>\n<li style=\"margin: 5px 0; padding: 2px 0; clear: both; display: list-item; float: none; position: static;\">Obr\u0119cze &#8211; aluminiowe<\/li>\n<li style=\"margin: 5px 0; padding: 2px 0; clear: both; display: list-item; float: none; position: static;\">Waga roweru &#8211; 15 kg<\/li>\n<li style=\"margin: 5px 0; padding: 2px 0; clear: both; display: list-item; float: none; position: static;\">Wyposa\u017cenie dodatkowe: Stopka, odblaski<\/li>\n<li style=\"margin: 5px 0; padding: 2px 0; clear: both; display: list-item; float: none; position: static;\">Kolor &#8211; niebiesko \u017c\u00f3\u0142ty<\/li>\n<\/ul>\n<p style=\"margin: 15px 0; line-height: 1.8; clear: both; display: block; width: 100%; float: none; position: static;\">Rower odpowiedni na wzrost 130 &#8211; 155 cm<\/p>\n<\/div>\n<\/div>\n<\/div>\n<div style=\"clear: both; display: block; margin: 10px 0;\">\n<div style=\"clear: both; display: block; margin: 10px 0;\">\n<div style=\"clear: both; display: block; margin: 10px 0;\">\n<div  style=\"max-width:2560px;max-height:1694px\">\n<div style=\"clear: both; display: block; margin: 10px 0;\">\n<div style=\"clear: both; width: 100%; display: block; margin: 20px 0; padding: 0; float: none; position: static; text-align: center;\"><img decoding=\"async\"  src=\"https:\/\/a.allegroimg.com\/original\/11c106\/4b4ce17d45639f2cf4a1a1c66098\/ROWER-GORSKI-OLPRAN-CULEX-24-SHIMANO-Liczba-biegow-18\" srcset=\"https:\/\/a.allegroimg.com\/original\/11c106\/4b4ce17d45639f2cf4a1a1c66098\/ROWER-GORSKI-OLPRAN-CULEX-24-SHIMANO-Liczba-biegow-18 360w,https:\/\/a.allegroimg.com\/original\/11c106\/4b4ce17d45639f2cf4a1a1c66098\/ROWER-GORSKI-OLPRAN-CULEX-24-SHIMANO-Liczba-biegow-18 720w,https:\/\/a.allegroimg.com\/original\/11c106\/4b4ce17d45639f2cf4a1a1c66098\/ROWER-GORSKI-OLPRAN-CULEX-24-SHIMANO-Liczba-biegow-18 1024w,https:\/\/a.allegroimg.com\/original\/11c106\/4b4ce17d45639f2cf4a1a1c66098\/ROWER-GORSKI-OLPRAN-CULEX-24-SHIMANO-Liczba-biegow-18 1440w,https:\/\/a.allegroimg.com\/original\/11c106\/4b4ce17d45639f2cf4a1a1c66098\/ROWER-GORSKI-OLPRAN-CULEX-24-SHIMANO-Liczba-biegow-18 2560w\" sizes=\"100vw\" width=\"2560px\" alt=\"ROWER G\u00d3RSKI OLPRAN CULEX 24&amp;quot; , SHIMANO Liczba bieg\u00f3w 18\" style=\"max-width: 100%; height: auto; display: block; margin: 0 auto;\"><\/div>\n<\/div>\n<\/div>\n<\/div>\n<\/div>\n<\/div>\n<div style=\"clear: both; display: block; margin: 10px 0;\">\n<div style=\"clear: both; display: block; margin: 10px 0;\">\n<div style=\"clear: both; display: block; margin: 10px 0;\">\n<div  style=\"max-width:2560px;max-height:1566px\">\n<div style=\"clear: both; display: block; margin: 10px 0;\">\n<div style=\"clear: both; width: 100%; display: block; margin: 20px 0; padding: 0; float: none; position: static; text-align: center;\"><img decoding=\"async\"  src=\"https:\/\/a.allegroimg.com\/original\/11c2d4\/5a83e0f542c88ea6e34b9e17c35f\/ROWER-GORSKI-OLPRAN-CULEX-24-SHIMANO-Kolor-wielokolorowy\" srcset=\"https:\/\/a.allegroimg.com\/original\/11c2d4\/5a83e0f542c88ea6e34b9e17c35f\/ROWER-GORSKI-OLPRAN-CULEX-24-SHIMANO-Kolor-wielokolorowy 360w,https:\/\/a.allegroimg.com\/original\/11c2d4\/5a83e0f542c88ea6e34b9e17c35f\/ROWER-GORSKI-OLPRAN-CULEX-24-SHIMANO-Kolor-wielokolorowy 720w,https:\/\/a.allegroimg.com\/original\/11c2d4\/5a83e0f542c88ea6e34b9e17c35f\/ROWER-GORSKI-OLPRAN-CULEX-24-SHIMANO-Kolor-wielokolorowy 1024w,https:\/\/a.allegroimg.com\/original\/11c2d4\/5a83e0f542c88ea6e34b9e17c35f\/ROWER-GORSKI-OLPRAN-CULEX-24-SHIMANO-Kolor-wielokolorowy 1440w,https:\/\/a.allegroimg.com\/original\/11c2d4\/5a83e0f542c88ea6e34b9e17c35f\/ROWER-GORSKI-OLPRAN-CULEX-24-SHIMANO-Kolor-wielokolorowy 2560w\" sizes=\"(min-width: 1200px) 560px, (min-width: 992px) 50vw, 100vw\" width=\"2560px\" alt=\"ROWER G\u00d3RSKI OLPRAN CULEX 24&amp;quot; , SHIMANO Kolor wielokolorowy\" style=\"max-width: 100%; height: auto; display: block; margin: 0 auto;\"><\/div>\n<\/div>\n<\/div>\n<\/div>\n<\/div>\n<div style=\"clear: both; display: block; margin: 10px 0;\">\n<div style=\"clear: both; display: block; margin: 10px 0;\">\n<div  style=\"max-width:2560px;max-height:1922px\">\n<div style=\"clear: both; display: block; margin: 10px 0;\">\n<div style=\"clear: both; width: 100%; display: block; margin: 20px 0; padding: 0; float: none; position: static; text-align: center;\"><img decoding=\"async\"  src=\"https:\/\/a.allegroimg.com\/original\/117720\/cb9f29fa423388caafdf8332d5d0\/ROWER-GORSKI-OLPRAN-CULEX-24-SHIMANO-Stan-opakowania-oryginalne\" srcset=\"https:\/\/a.allegroimg.com\/original\/117720\/cb9f29fa423388caafdf8332d5d0\/ROWER-GORSKI-OLPRAN-CULEX-24-SHIMANO-Stan-opakowania-oryginalne 360w,https:\/\/a.allegroimg.com\/original\/117720\/cb9f29fa423388caafdf8332d5d0\/ROWER-GORSKI-OLPRAN-CULEX-24-SHIMANO-Stan-opakowania-oryginalne 720w,https:\/\/a.allegroimg.com\/original\/117720\/cb9f29fa423388caafdf8332d5d0\/ROWER-GORSKI-OLPRAN-CULEX-24-SHIMANO-Stan-opakowania-oryginalne 1024w,https:\/\/a.allegroimg.com\/original\/117720\/cb9f29fa423388caafdf8332d5d0\/ROWER-GORSKI-OLPRAN-CULEX-24-SHIMANO-Stan-opakowania-oryginalne 1440w,https:\/\/a.allegroimg.com\/original\/117720\/cb9f29fa423388caafdf8332d5d0\/ROWER-GORSKI-OLPRAN-CULEX-24-SHIMANO-Stan-opakowania-oryginalne 2560w\" sizes=\"(min-width: 1200px) 560px, (min-width: 992px) 50vw, 100vw\" width=\"2560px\" alt=\"ROWER G\u00d3RSKI OLPRAN CULEX 24&amp;quot; , SHIMANO Stan opakowania oryginalne\" style=\"max-width: 100%; height: auto; display: block; margin: 0 auto;\"><\/div>\n<\/div>\n<\/div>\n<\/div>\n<\/div>\n<\/div>\n<div style=\"clear: both; display: block; margin: 10px 0;\">\n<div style=\"clear: both; display: block; margin: 10px 0;\">\n<div style=\"clear: both; display: block; margin: 10px 0;\">\n<div  style=\"max-width:2560px;max-height:1495px\">\n<div style=\"clear: both; display: block; margin: 10px 0;\">\n<div style=\"clear: both; width: 100%; display: block; margin: 20px 0; padding: 0; float: none; position: static; text-align: center;\"><img decoding=\"async\"  src=\"https:\/\/a.allegroimg.com\/original\/11d10f\/1ad355624cf099d1c78ad2bfd216\/ROWER-GORSKI-OLPRAN-CULEX-24-SHIMANO-Kod-producenta-XX3409\" srcset=\"https:\/\/a.allegroimg.com\/original\/11d10f\/1ad355624cf099d1c78ad2bfd216\/ROWER-GORSKI-OLPRAN-CULEX-24-SHIMANO-Kod-producenta-XX3409 360w,https:\/\/a.allegroimg.com\/original\/11d10f\/1ad355624cf099d1c78ad2bfd216\/ROWER-GORSKI-OLPRAN-CULEX-24-SHIMANO-Kod-producenta-XX3409 720w,https:\/\/a.allegroimg.com\/original\/11d10f\/1ad355624cf099d1c78ad2bfd216\/ROWER-GORSKI-OLPRAN-CULEX-24-SHIMANO-Kod-producenta-XX3409 1024w,https:\/\/a.allegroimg.com\/original\/11d10f\/1ad355624cf099d1c78ad2bfd216\/ROWER-GORSKI-OLPRAN-CULEX-24-SHIMANO-Kod-producenta-XX3409 1440w,https:\/\/a.allegroimg.com\/original\/11d10f\/1ad355624cf099d1c78ad2bfd216\/ROWER-GORSKI-OLPRAN-CULEX-24-SHIMANO-Kod-producenta-XX3409 2560w\" sizes=\"(min-width: 1200px) 560px, (min-width: 992px) 50vw, 100vw\" width=\"2560px\" alt=\"ROWER G\u00d3RSKI OLPRAN CULEX 24&amp;quot; , SHIMANO Kod producenta XX3409\" style=\"max-width: 100%; height: auto; display: block; margin: 0 auto;\"><\/div>\n<\/div>\n<\/div>\n<\/div>\n<\/div>\n<div style=\"clear: both; display: block; margin: 10px 0;\">\n<div style=\"clear: both; display: block; margin: 10px 0;\">\n<div  style=\"max-width:2560px;max-height:1775px\">\n<div style=\"clear: both; display: block; margin: 10px 0;\">\n<div style=\"clear: both; width: 100%; display: block; margin: 20px 0; padding: 0; float: none; position: static; text-align: center;\"><img decoding=\"async\"  src=\"https:\/\/a.allegroimg.com\/original\/11c83f\/cf1f532a46778992700b3869c952\/ROWER-GORSKI-OLPRAN-CULEX-24-SHIMANO-Marka-Olpran\" srcset=\"https:\/\/a.allegroimg.com\/original\/11c83f\/cf1f532a46778992700b3869c952\/ROWER-GORSKI-OLPRAN-CULEX-24-SHIMANO-Marka-Olpran 360w,https:\/\/a.allegroimg.com\/original\/11c83f\/cf1f532a46778992700b3869c952\/ROWER-GORSKI-OLPRAN-CULEX-24-SHIMANO-Marka-Olpran 720w,https:\/\/a.allegroimg.com\/original\/11c83f\/cf1f532a46778992700b3869c952\/ROWER-GORSKI-OLPRAN-CULEX-24-SHIMANO-Marka-Olpran 1024w,https:\/\/a.allegroimg.com\/original\/11c83f\/cf1f532a46778992700b3869c952\/ROWER-GORSKI-OLPRAN-CULEX-24-SHIMANO-Marka-Olpran 1440w,https:\/\/a.allegroimg.com\/original\/11c83f\/cf1f532a46778992700b3869c952\/ROWER-GORSKI-OLPRAN-CULEX-24-SHIMANO-Marka-Olpran 2560w\" sizes=\"(min-width: 1200px) 560px, (min-width: 992px) 50vw, 100vw\" width=\"2560px\" alt=\"ROWER G\u00d3RSKI OLPRAN CULEX 24&amp;quot; , SHIMANO Marka Olpran\" style=\"max-width: 100%; height: auto; display: block; margin: 0 auto;\"><\/div>\n<\/div>\n<\/div>\n<\/div>\n<\/div>\n<\/div>\n<div style=\"clear: both; display: block; margin: 10px 0;\">\n<div style=\"clear: both; display: block; margin: 10px 0;\">\n<div style=\"clear: both; display: block; margin: 10px 0;\">\n<div  style=\"max-width:2560px;max-height:2044px\">\n<div style=\"clear: both; display: block; margin: 10px 0;\">\n<div style=\"clear: both; width: 100%; display: block; margin: 20px 0; padding: 0; float: none; position: static; text-align: center;\"><img decoding=\"async\"  src=\"https:\/\/a.allegroimg.com\/original\/11f526\/65c5766243b3b4e6b810957c622b\/ROWER-GORSKI-OLPRAN-CULEX-24-SHIMANO-Model-CULEX\" srcset=\"https:\/\/a.allegroimg.com\/original\/11f526\/65c5766243b3b4e6b810957c622b\/ROWER-GORSKI-OLPRAN-CULEX-24-SHIMANO-Model-CULEX 360w,https:\/\/a.allegroimg.com\/original\/11f526\/65c5766243b3b4e6b810957c622b\/ROWER-GORSKI-OLPRAN-CULEX-24-SHIMANO-Model-CULEX 720w,https:\/\/a.allegroimg.com\/original\/11f526\/65c5766243b3b4e6b810957c622b\/ROWER-GORSKI-OLPRAN-CULEX-24-SHIMANO-Model-CULEX 1024w,https:\/\/a.allegroimg.com\/original\/11f526\/65c5766243b3b4e6b810957c622b\/ROWER-GORSKI-OLPRAN-CULEX-24-SHIMANO-Model-CULEX 1440w,https:\/\/a.allegroimg.com\/original\/11f526\/65c5766243b3b4e6b810957c622b\/ROWER-GORSKI-OLPRAN-CULEX-24-SHIMANO-Model-CULEX 2560w\" sizes=\"(min-width: 1200px) 560px, (min-width: 992px) 50vw, 100vw\" width=\"2560px\" alt=\"ROWER G\u00d3RSKI OLPRAN CULEX 24&amp;quot; , SHIMANO Model CULEX\" style=\"max-width: 100%; height: auto; display: block; margin: 0 auto;\"><\/div>\n<\/div>\n<\/div>\n<\/div>\n<\/div>\n<div style=\"clear: both; display: block; margin: 10px 0;\">\n<div style=\"clear: both; display: block; margin: 10px 0;\">\n<div  style=\"max-width:2560px;max-height:2237px\">\n<div style=\"clear: both; display: block; margin: 10px 0;\">\n<div style=\"clear: both; width: 100%; display: block; margin: 20px 0; padding: 0; float: none; position: static; text-align: center;\"><img decoding=\"async\"  src=\"https:\/\/a.allegroimg.com\/original\/11563c\/bf367b7141698939a7b6a05c82e2\/ROWER-GORSKI-OLPRAN-CULEX-24-SHIMANO-Rozmiar-ramy-15-cali\" srcset=\"https:\/\/a.allegroimg.com\/original\/11563c\/bf367b7141698939a7b6a05c82e2\/ROWER-GORSKI-OLPRAN-CULEX-24-SHIMANO-Rozmiar-ramy-15-cali 360w,https:\/\/a.allegroimg.com\/original\/11563c\/bf367b7141698939a7b6a05c82e2\/ROWER-GORSKI-OLPRAN-CULEX-24-SHIMANO-Rozmiar-ramy-15-cali 720w,https:\/\/a.allegroimg.com\/original\/11563c\/bf367b7141698939a7b6a05c82e2\/ROWER-GORSKI-OLPRAN-CULEX-24-SHIMANO-Rozmiar-ramy-15-cali 1024w,https:\/\/a.allegroimg.com\/original\/11563c\/bf367b7141698939a7b6a05c82e2\/ROWER-GORSKI-OLPRAN-CULEX-24-SHIMANO-Rozmiar-ramy-15-cali 1440w,https:\/\/a.allegroimg.com\/original\/11563c\/bf367b7141698939a7b6a05c82e2\/ROWER-GORSKI-OLPRAN-CULEX-24-SHIMANO-Rozmiar-ramy-15-cali 2560w\" sizes=\"(min-width: 1200px) 560px, (min-width: 992px) 50vw, 100vw\" width=\"2560px\" alt=\"ROWER G\u00d3RSKI OLPRAN CULEX 24&amp;quot; , SHIMANO Rozmiar ramy 15 cali\" style=\"max-width: 100%; height: auto; display: block; margin: 0 auto;\"><\/div>\n<\/div>\n<\/div>\n<\/div>\n<\/div>\n<\/div>\n<div style=\"clear: both; display: block; margin: 10px 0;\">\n<div style=\"clear: both; display: block; margin: 10px 0;\">\n<div style=\"clear: both; display: block; margin: 10px 0;\">\n<div  style=\"max-width:2560px;max-height:1787px\">\n<div style=\"clear: both; display: block; margin: 10px 0;\">\n<div style=\"clear: both; width: 100%; display: block; margin: 20px 0; padding: 0; float: none; position: static; text-align: center;\"><img decoding=\"async\"  src=\"https:\/\/a.allegroimg.com\/original\/118907\/b1f1ab484f8f9e7e626fb67bdd4c\/ROWER-GORSKI-OLPRAN-CULEX-24-SHIMANO-Rozmiar-kola-24\" srcset=\"https:\/\/a.allegroimg.com\/original\/118907\/b1f1ab484f8f9e7e626fb67bdd4c\/ROWER-GORSKI-OLPRAN-CULEX-24-SHIMANO-Rozmiar-kola-24 360w,https:\/\/a.allegroimg.com\/original\/118907\/b1f1ab484f8f9e7e626fb67bdd4c\/ROWER-GORSKI-OLPRAN-CULEX-24-SHIMANO-Rozmiar-kola-24 720w,https:\/\/a.allegroimg.com\/original\/118907\/b1f1ab484f8f9e7e626fb67bdd4c\/ROWER-GORSKI-OLPRAN-CULEX-24-SHIMANO-Rozmiar-kola-24 1024w,https:\/\/a.allegroimg.com\/original\/118907\/b1f1ab484f8f9e7e626fb67bdd4c\/ROWER-GORSKI-OLPRAN-CULEX-24-SHIMANO-Rozmiar-kola-24 1440w,https:\/\/a.allegroimg.com\/original\/118907\/b1f1ab484f8f9e7e626fb67bdd4c\/ROWER-GORSKI-OLPRAN-CULEX-24-SHIMANO-Rozmiar-kola-24 2560w\" sizes=\"(min-width: 1200px) 560px, (min-width: 992px) 50vw, 100vw\" width=\"2560px\" alt=\"ROWER G\u00d3RSKI OLPRAN CULEX 24&amp;quot; , SHIMANO Rozmiar ko\u0142a (&quot;) 24\" style=\"max-width: 100%; height: auto; display: block; margin: 0 auto;\"><\/div>\n<\/div>\n<\/div>\n<\/div>\n<\/div>\n<div style=\"clear: both; display: block; margin: 10px 0;\">\n<div style=\"clear: both; display: block; margin: 10px 0;\">\n<div  style=\"max-width:225px;max-height:225px\">\n<div style=\"clear: both; display: block; margin: 10px 0;\">\n<div style=\"clear: both; width: 100%; display: block; margin: 20px 0; padding: 0; float: none; position: static; text-align: center;\"><img decoding=\"async\"  src=\"https:\/\/a.allegroimg.com\/original\/11be91\/62a0bf0e4971bab7c48820f6a343\/ROWER-GORSKI-OLPRAN-CULEX-24-SHIMANO-Material-ramy-stal\" srcset=\"https:\/\/a.allegroimg.com\/original\/11be91\/62a0bf0e4971bab7c48820f6a343\/ROWER-GORSKI-OLPRAN-CULEX-24-SHIMANO-Material-ramy-stal 225w,https:\/\/a.allegroimg.com\/original\/11be91\/62a0bf0e4971bab7c48820f6a343\/ROWER-GORSKI-OLPRAN-CULEX-24-SHIMANO-Material-ramy-stal 225w\" sizes=\"(min-width: 1200px) 560px, (min-width: 992px) 50vw, 100vw\" width=\"225px\" alt=\"ROWER G\u00d3RSKI OLPRAN CULEX 24&amp;quot; , SHIMANO Materia\u0142 ramy stal\" style=\"max-width: 100%; height: auto; display: block; margin: 0 auto;\"><\/div>\n<\/div>\n<\/div>\n<\/div>\n<\/div>\n<\/div>\n<\/div>\n<\/div>\n<\/div>\n<div style=\"clear: both; display: block; margin: 10px 0;\">\n","protected":false},"excerpt":{"rendered":"<p>ROWER OLPRAN CULEX 24&quot;<\/p>\n<p>SPECYFIKACJA:<\/p>\n<p>Rama: &#8211; 15&quot; amortyzowana<\/p>\n<p>Manetki&nbsp; &#8211; Shimano SIS 3&#215;6<\/p>\n<p>Przerzutka ty\u0142 &#8211; Shimano Tourney<\/p>\n<p>Ilo\u015b\u0107 bieg\u00f3w &#8211; 18<\/p>\n<p>Kaseta \/ wolnobieg &#8211; Shimano<\/p>\n<p>Opony &#8211; 24 &quot;x 2,1<\/p>\n","protected":false},"featured_media":14316,"template":"","meta":{"_uag_custom_page_level_css":""},"product_brand":[711],"product_cat":[706,688,687],"product_tag":[],"class_list":{"0":"post-14315","1":"product","2":"type-product","3":"status-publish","4":"has-post-thumbnail","6":"product_brand-olpran","7":"product_cat-junior","8":"product_cat-rowery","9":"product_cat-rowery-i-akcesoria","11":"first","12":"instock","13":"sale","14":"shipping-taxable","15":"purchasable","16":"product-type-simple"},"uagb_featured_image_src":{"full":["https:\/\/torvaniq.shop\/ro64\/wp-content\/uploads\/2026\/02\/allegro-image-14315.jpg",2560,1660,false],"thumbnail":["https:\/\/torvaniq.shop\/ro64\/wp-content\/uploads\/2026\/02\/allegro-image-14315-150x150.jpg",150,150,true],"medium":["https:\/\/torvaniq.shop\/ro64\/wp-content\/uploads\/2026\/02\/allegro-image-14315-300x195.jpg",300,195,true],"medium_large":["https:\/\/torvaniq.shop\/ro64\/wp-content\/uploads\/2026\/02\/allegro-image-14315-768x498.jpg",768,498,true],"large":["https:\/\/torvaniq.shop\/ro64\/wp-content\/uploads\/2026\/02\/allegro-image-14315-1024x664.jpg",1024,664,true],"1536x1536":["https:\/\/torvaniq.shop\/ro64\/wp-content\/uploads\/2026\/02\/allegro-image-14315-1536x996.jpg",1536,996,true],"2048x2048":["https:\/\/torvaniq.shop\/ro64\/wp-content\/uploads\/2026\/02\/allegro-image-14315-2048x1328.jpg",2048,1328,true],"woocommerce_thumbnail":["https:\/\/torvaniq.shop\/ro64\/wp-content\/uploads\/2026\/02\/allegro-image-14315-300x300.jpg",300,300,true],"woocommerce_single":["https:\/\/torvaniq.shop\/ro64\/wp-content\/uploads\/2026\/02\/allegro-image-14315-600x389.jpg",600,389,true],"woocommerce_gallery_thumbnail":["https:\/\/torvaniq.shop\/ro64\/wp-content\/uploads\/2026\/02\/allegro-image-14315-100x100.jpg",100,100,true]},"uagb_author_info":{"display_name":"admin","author_link":"https:\/\/torvaniq.shop\/ro64\/author\/"},"uagb_comment_info":0,"uagb_excerpt":"ROWER OLPRAN CULEX 24&quot; SPECYFIKACJA: Rama: - 15&quot; amortyzowana Manetki&nbsp; - Shimano SIS 3x6 Przerzutka ty\u0142 - Shimano Tourney Ilo\u015b\u0107 bieg\u00f3w - 18 Kaseta \/ wolnobieg - Shimano Opony - 24 &quot;x 2,1","_links":{"self":[{"href":"https:\/\/torvaniq.shop\/ro64\/wp-json\/wp\/v2\/product\/14315","targetHints":{"allow":["GET"]}}],"collection":[{"href":"https:\/\/torvaniq.shop\/ro64\/wp-json\/wp\/v2\/product"}],"about":[{"href":"https:\/\/torvaniq.shop\/ro64\/wp-json\/wp\/v2\/types\/product"}],"wp:featuredmedia":[{"embeddable":true,"href":"https:\/\/torvaniq.shop\/ro64\/wp-json\/wp\/v2\/media\/14316"}],"wp:attachment":[{"href":"https:\/\/torvaniq.shop\/ro64\/wp-json\/wp\/v2\/media?parent=14315"}],"wp:term":[{"taxonomy":"product_brand","embeddable":true,"href":"https:\/\/torvaniq.shop\/ro64\/wp-json\/wp\/v2\/product_brand?post=14315"},{"taxonomy":"product_cat","embeddable":true,"href":"https:\/\/torvaniq.shop\/ro64\/wp-json\/wp\/v2\/product_cat?post=14315"},{"taxonomy":"product_tag","embeddable":true,"href":"https:\/\/torvaniq.shop\/ro64\/wp-json\/wp\/v2\/product_tag?post=14315"}],"curies":[{"name":"wp","href":"https:\/\/api.w.org\/{rel}","templated":true}]}}