{"id":14280,"date":"2026-02-26T04:20:04","date_gmt":"2026-02-26T03:20:04","guid":{"rendered":"https:\/\/rowermax.shop\/ro64\/produkt\/rower-karbonowy-gravel-superior-xr-9-9-gr-black-56cm-red-xplr-axs-1x13\/"},"modified":"2026-02-26T04:20:05","modified_gmt":"2026-02-26T03:20:05","slug":"rower-karbonowy-gravel-superior-xr-9-9-gr-black-56cm-red-xplr-axs-1x13","status":"publish","type":"product","link":"https:\/\/torvaniq.shop\/ro64\/produkt\/rower-karbonowy-gravel-superior-xr-9-9-gr-black-56cm-red-xplr-axs-1x13\/","title":{"rendered":"Rower karbonowy gravel Superior XR 9.9 GR black 56cm RED XPLR AXS 1&#215;13"},"content":{"rendered":"<div style=\"font-family: Arial, sans-serif; line-height: 1.6; color: #333; padding: 20px; clear: both; display: block; width: 100%; float: none; position: static; overflow: hidden;\">\n<div style=\"clear: both; display: block; margin: 10px 0;\">\n<div style=\"clear: both; display: block; margin: 10px 0;\">\n<div style=\"clear: both; display: block; margin: 10px 0;\">\n<div  style=\"max-width:1327px;max-height:800px\">\n<div style=\"clear: both; display: block; margin: 10px 0;\">\n<div style=\"clear: both; width: 100%; display: block; margin: 20px 0; padding: 0; float: none; position: static; text-align: center;\"><img decoding=\"async\"  src=\"https:\/\/a.allegroimg.com\/original\/119707\/f3c3392341e5ac4eea7040976fea\/Rower-karbonowy-gravel-Superior-XR-9-9-GR-black-56cm-RED-XPLR-AXS-1x13\" srcset=\"https:\/\/a.allegroimg.com\/original\/119707\/f3c3392341e5ac4eea7040976fea\/Rower-karbonowy-gravel-Superior-XR-9-9-GR-black-56cm-RED-XPLR-AXS-1x13 360w,https:\/\/a.allegroimg.com\/original\/119707\/f3c3392341e5ac4eea7040976fea\/Rower-karbonowy-gravel-Superior-XR-9-9-GR-black-56cm-RED-XPLR-AXS-1x13 720w,https:\/\/a.allegroimg.com\/original\/119707\/f3c3392341e5ac4eea7040976fea\/Rower-karbonowy-gravel-Superior-XR-9-9-GR-black-56cm-RED-XPLR-AXS-1x13 1024w,https:\/\/a.allegroimg.com\/original\/119707\/f3c3392341e5ac4eea7040976fea\/Rower-karbonowy-gravel-Superior-XR-9-9-GR-black-56cm-RED-XPLR-AXS-1x13 1327w,https:\/\/a.allegroimg.com\/original\/119707\/f3c3392341e5ac4eea7040976fea\/Rower-karbonowy-gravel-Superior-XR-9-9-GR-black-56cm-RED-XPLR-AXS-1x13 1327w\" sizes=\"100vw\" width=\"1327px\" alt=\"Rower karbonowy gravel Superior XR 9.9 GR black 56cm RED XPLR AXS 1x13\" style=\"max-width: 100%; height: auto; display: block; margin: 0 auto;\"><\/div>\n<\/div>\n<\/div>\n<\/div>\n<\/div>\n<\/div>\n<div style=\"clear: both; display: block; margin: 10px 0;\">\n<div style=\"clear: both; display: block; margin: 10px 0;\">\n<div style=\"clear: both; display: block; margin: 10px 0;\">\n<h2>Superior XR 9.9 GR to najwy\u017cszej klasy rower gravelowy przeznaczony do wy\u015bcig\u00f3w, zaprojektowany z my\u015bl\u0105 o maksymalnej wydajno\u015bci, pr\u0119dko\u015bci i kontroli na r\u00f3\u017cnych nawierzchniach. Jego ultralekka rama z w\u0142\u00f3kna w\u0119glowego XR Race High Modulus \u0142\u0105czy w sobie wydajno\u015b\u0107 wy\u015bcigow\u0105 z geometri\u0105 zaprojektowan\u0105 z my\u015bl\u0105 o agresywnej je\u017adzie i stabilno\u015bci na d\u0142ugich dystansach. Bezprzewodowy nap\u0119d SRAM RED XPLR AXS, karbonowe ko\u0142a DT Swiss i zintegrowany karbonowy kokpit tworz\u0105 bezkompromisow\u0105 maszyn\u0119 gravelow\u0105 dla najbardziej wymagaj\u0105cych rowerzyst\u00f3w.<\/h2>\n<\/div>\n<\/div>\n<\/div>\n<div style=\"clear: both; display: block; margin: 10px 0;\">\n<div style=\"clear: both; display: block; margin: 10px 0;\">\n<div style=\"clear: both; display: block; margin: 10px 0;\">\n<h2>Specyfikacja:&nbsp;XR 9.9 GR<\/h2>\n<h3 style=\"color: #2c5aa0; font-size: 18px; margin: 30px 0 15px 0; font-weight: bold; clear: both; display: block; width: 100%; float: none; position: static;\">Informacje podstawowe<\/h3>\n<ul style=\"margin: 15px 0; padding-left: 20px; clear: both; display: block; width: 100%; float: none; position: static;\">\n<li style=\"margin: 5px 0; padding: 2px 0; clear: both; display: list-item; float: none; position: static;\"><b>WEIGHT:<\/b> 7.75 kg<\/li>\n<\/ul>\n<h3 style=\"color: #2c5aa0; font-size: 18px; margin: 30px 0 15px 0; font-weight: bold; clear: both; display: block; width: 100%; float: none; position: static;\">Normy ISO i ASTM<\/h3>\n<ul style=\"margin: 15px 0; padding-left: 20px; clear: both; display: block; width: 100%; float: none; position: static;\">\n<li style=\"margin: 5px 0; padding: 2px 0; clear: both; display: list-item; float: none; position: static;\"><b>Norma ISO:<\/b> ISO 4210-2 Road Racing bicycles<\/li>\n<li style=\"margin: 5px 0; padding: 2px 0; clear: both; display: list-item; float: none; position: static;\"><b>Norma ASTM:<\/b> EN17406 Condition 2 For on and Off-Road riding and drops less than 15cm<\/li>\n<li style=\"margin: 5px 0; padding: 2px 0; clear: both; display: list-item; float: none; position: static;\"><b>LOAD CAPACITY:<\/b> 120 Kg<\/li>\n<\/ul>\n<h3 style=\"color: #2c5aa0; font-size: 18px; margin: 30px 0 15px 0; font-weight: bold; clear: both; display: block; width: 100%; float: none; position: static;\">Rama<\/h3>\n<ul style=\"margin: 15px 0; padding-left: 20px; clear: both; display: block; width: 100%; float: none; position: static;\">\n<li style=\"margin: 5px 0; padding: 2px 0; clear: both; display: list-item; float: none; position: static;\"><b>Rama:<\/b> SU-51-01, Carbon XR Race High Modulus, Road Advanced Geometry, Disc Brake Flat Mount, BB86.5, SH dropout, Thru Axle 142&#215;12 mm, Inner cable routing, Di2 compatible, mudguards ready.<\/li>\n<li style=\"margin: 5px 0; padding: 2px 0; clear: both; display: list-item; float: none; position: static;\"><b>Widelec:<\/b> XR Hi Modulus Carbon Fork<\/li>\n<li style=\"margin: 5px 0; padding: 2px 0; clear: both; display: list-item; float: none; position: static;\"><b>Wk\u0142ad suportu:<\/b> SRAM DUB ROAD WIDE, PressFit, shell 41&#215;86,5 mm<\/li>\n<li style=\"margin: 5px 0; padding: 2px 0; clear: both; display: list-item; float: none; position: static;\"><b>G\u0142\u00f3wka:<\/b> ACROS AIX-318R1S, ICR, OD56, IS52\/28.6 &#8211; 40IPS, Stainless Bearings<\/li>\n<li style=\"margin: 5px 0; padding: 2px 0; clear: both; display: list-item; float: none; position: static;\"><b>Przednia o\u015b:<\/b> SB02-LT, TA12x119, M12xP1.5&#215;8.5L, Light, Black<\/li>\n<li style=\"margin: 5px 0; padding: 2px 0; clear: both; display: list-item; float: none; position: static;\"><b>Tylna o\u015b:<\/b> SB02-LT, TA12x171.5, M12xP1.0x14.5L, Light, Black<\/li>\n<\/ul>\n<h3 style=\"color: #2c5aa0; font-size: 18px; margin: 30px 0 15px 0; font-weight: bold; clear: both; display: block; width: 100%; float: none; position: static;\">Nap\u0119d<\/h3>\n<ul style=\"margin: 15px 0; padding-left: 20px; clear: both; display: block; width: 100%; float: none; position: static;\">\n<li style=\"margin: 5px 0; padding: 2px 0; clear: both; display: list-item; float: none; position: static;\"><b>Lewa manetka:<\/b> SRAM RED AXS, electronic shifter<\/li>\n<li style=\"margin: 5px 0; padding: 2px 0; clear: both; display: list-item; float: none; position: static;\"><b>Przek\u0142adnia:<\/b> SRAM RED AXS, electronic shifter<\/li>\n<li style=\"margin: 5px 0; padding: 2px 0; clear: both; display: list-item; float: none; position: static;\"><b>Tylna przerzutka:<\/b> SRAM RED XPLR AXS, 13 speed<\/li>\n<li style=\"margin: 5px 0; padding: 2px 0; clear: both; display: list-item; float: none; position: static;\"><b>Z\u0119batka:<\/b> SRAM RED XPLR, DUB WIDE, 44T<\/li>\n<li style=\"margin: 5px 0; padding: 2px 0; clear: both; display: list-item; float: none; position: static;\"><b>Kaseta:<\/b> SRAM RED XPLR XG-1391, 13-speed, 10-46T<\/li>\n<li style=\"margin: 5px 0; padding: 2px 0; clear: both; display: list-item; float: none; position: static;\"><b>\u0141a\u0144cuck:<\/b> SRAM RED, Flattop 12s\/13s, 120 Link<\/li>\n<\/ul>\n<h3 style=\"color: #2c5aa0; font-size: 18px; margin: 30px 0 15px 0; font-weight: bold; clear: both; display: block; width: 100%; float: none; position: static;\">Hamulce<\/h3>\n<ul style=\"margin: 15px 0; padding-left: 20px; clear: both; display: block; width: 100%; float: none; position: static;\">\n<li style=\"margin: 5px 0; padding: 2px 0; clear: both; display: list-item; float: none; position: static;\"><b>Przedni hamulec:<\/b> SRAM RED AXS, hydraulic disc brake<\/li>\n<li style=\"margin: 5px 0; padding: 2px 0; clear: both; display: list-item; float: none; position: static;\"><b>Przednia tarcza:<\/b> SRAM Paceline X, 160mm<\/li>\n<li style=\"margin: 5px 0; padding: 2px 0; clear: both; display: list-item; float: none; position: static;\"><b>Hamulec ty\u0142:<\/b> SRAM RED AXS, hydraulic disc brake<\/li>\n<li style=\"margin: 5px 0; padding: 2px 0; clear: both; display: list-item; float: none; position: static;\"><b>Tarcza ty\u0142:<\/b> SRAM Paceline X, 140mm<\/li>\n<\/ul>\n<h3 style=\"color: #2c5aa0; font-size: 18px; margin: 30px 0 15px 0; font-weight: bold; clear: both; display: block; width: 100%; float: none; position: static;\">Ko\u0142a<\/h3>\n<ul style=\"margin: 15px 0; padding-left: 20px; clear: both; display: block; width: 100%; float: none; position: static;\">\n<li style=\"margin: 5px 0; padding: 2px 0; clear: both; display: list-item; float: none; position: static;\"><b>Ko\u0142o prz\u00f3d:<\/b> DT Swiss GRC 1400 DICUT\u00ae, Carbon, CL, 12x100mm, Tubeless Ready<\/li>\n<li style=\"margin: 5px 0; padding: 2px 0; clear: both; display: list-item; float: none; position: static;\"><b>Ko\u0142o ty\u0142:<\/b> DT Swiss GRC 1400 DICUT\u00ae, Carbon, CL, 12x142mm, XDR, Tubeless Ready<\/li>\n<li style=\"margin: 5px 0; padding: 2px 0; clear: both; display: list-item; float: none; position: static;\"><b>Przednia opona:<\/b> Schwalbe G-One RS PRO Evo, Super Race, V-Guard, TL-Ready, 40-622, ADDIX Race<\/li>\n<li style=\"margin: 5px 0; padding: 2px 0; clear: both; display: list-item; float: none; position: static;\"><b>Opona tylna:<\/b> Schwalbe G-One RS PRO Evo, Super Race, V-Guard, TL-Ready, 40-622, ADDIX Race<\/li>\n<\/ul>\n<h3 style=\"color: #2c5aa0; font-size: 18px; margin: 30px 0 15px 0; font-weight: bold; clear: both; display: block; width: 100%; float: none; position: static;\">Kokpit<\/h3>\n<ul style=\"margin: 15px 0; padding-left: 20px; clear: both; display: block; width: 100%; float: none; position: static;\">\n<li style=\"margin: 5px 0; padding: 2px 0; clear: both; display: list-item; float: none; position: static;\"><b>Kierownica:<\/b> Lewy chwyt<\/li>\n<li style=\"margin: 5px 0; padding: 2px 0; clear: both; display: list-item; float: none; position: static;\"><b>ONE Carbon Integrated Cockpit ICR:<\/b> ONE Handlebar Tape<\/li>\n<\/ul>\n<h3 style=\"color: #2c5aa0; font-size: 18px; margin: 30px 0 15px 0; font-weight: bold; clear: both; display: block; width: 100%; float: none; position: static;\">Cz\u0119\u015bci<\/h3>\n<ul style=\"margin: 15px 0; padding-left: 20px; clear: both; display: block; width: 100%; float: none; position: static;\">\n<li style=\"margin: 5px 0; padding: 2px 0; clear: both; display: list-item; float: none; position: static;\"><b>Siode\u0142ko:<\/b> Fizi:k Vento Argo R5, Alloy<\/li>\n<li style=\"margin: 5px 0; padding: 2px 0; clear: both; display: list-item; float: none; position: static;\"><b>Wspornik siode\u0142ka:<\/b> ONE Aero Carbon<\/li>\n<li style=\"margin: 5px 0; padding: 2px 0; clear: both; display: list-item; float: none; position: static;\"><b>Zacisk wspornika:<\/b> Frame Integrated Clamp<\/li>\n<\/ul>\n<h3 style=\"color: #2c5aa0; font-size: 18px; margin: 30px 0 15px 0; font-weight: bold; clear: both; display: block; width: 100%; float: none; position: static;\">CITY\/ SUV SET<\/h3>\n<ul style=\"margin: 15px 0; padding-left: 20px; clear: both; display: block; width: 100%; float: none; position: static;\">\n<li style=\"margin: 5px 0; padding: 2px 0; clear: both; display: list-item; float: none; position: static;\"><b>Tylne \u015bwiat\u0142o:<\/b> Litemove Rear Visibility Light, Red<\/li>\n<\/ul>\n<\/div>\n<\/div>\n<\/div>\n<div style=\"clear: both; display: block; margin: 10px 0;\">\n<div style=\"clear: both; display: block; margin: 10px 0;\">\n<div style=\"clear: both; display: block; margin: 10px 0;\">\n<div  style=\"max-width:711px;max-height:650px\">\n<div style=\"clear: both; display: block; margin: 10px 0;\">\n<div style=\"clear: both; width: 100%; display: block; margin: 20px 0; padding: 0; float: none; position: static; text-align: center;\"><img decoding=\"async\"  src=\"https:\/\/a.allegroimg.com\/original\/11d4d1\/6f5256174393a17ddae9603ff475\/Rower-karbonowy-gravel-Superior-XR-9-9-GR-black-56cm-RED-XPLR-AXS-1x13-Stan-opakowania-oryginalne\" srcset=\"https:\/\/a.allegroimg.com\/original\/11d4d1\/6f5256174393a17ddae9603ff475\/Rower-karbonowy-gravel-Superior-XR-9-9-GR-black-56cm-RED-XPLR-AXS-1x13-Stan-opakowania-oryginalne 360w,https:\/\/a.allegroimg.com\/original\/11d4d1\/6f5256174393a17ddae9603ff475\/Rower-karbonowy-gravel-Superior-XR-9-9-GR-black-56cm-RED-XPLR-AXS-1x13-Stan-opakowania-oryginalne 711w,https:\/\/a.allegroimg.com\/original\/11d4d1\/6f5256174393a17ddae9603ff475\/Rower-karbonowy-gravel-Superior-XR-9-9-GR-black-56cm-RED-XPLR-AXS-1x13-Stan-opakowania-oryginalne 711w\" sizes=\"100vw\" width=\"711px\" alt=\"Rower karbonowy gravel Superior XR 9.9 GR black 56cm RED XPLR AXS 1x13 Stan opakowania oryginalne\" style=\"max-width: 100%; height: auto; display: block; margin: 0 auto;\"><\/div>\n<\/div>\n<\/div>\n<\/div>\n<\/div>\n<\/div>\n<\/div>\n<\/div>\n<\/div>\n<div style=\"clear: both; display: block; margin: 10px 0;\">\n","protected":false},"excerpt":{"rendered":"<p>Superior XR 9.9 GR to najwy\u017cszej klasy rower gravelowy przeznaczony do wy\u015bcig\u00f3w, zaprojektowany z my\u015bl\u0105 o maksymalnej wydajno\u015bci, pr\u0119dko\u015bci i kontroli na r\u00f3\u017cnych nawierzchniach. Jego ultralekka rama z w\u0142\u00f3kna w\u0119glowego XR Race High Modulus \u0142\u0105czy w sobie wydajno\u015b\u0107 wy\u015bcigow\u0105 z geometri\u0105 zaprojektowan\u0105 z my\u015bl\u0105 o agresywnej je\u017adzie i stabilno\u015bci na d\u0142ugich dystansach. Bezprzewodowy nap\u0119d SRAM RED XPLR AXS, karbonowe ko\u0142a DT Swiss i zintegrowany karbonowy kokpit tworz\u0105 bezkompromisow\u0105 maszyn\u0119 gravelow\u0105 dla najbardziej wymagaj\u0105cych rowerzyst\u00f3w.<\/p>\n","protected":false},"featured_media":14281,"template":"","meta":{"_uag_custom_page_level_css":""},"product_brand":[704],"product_cat":[702,688,687],"product_tag":[],"class_list":{"0":"post-14280","1":"product","2":"type-product","3":"status-publish","4":"has-post-thumbnail","6":"product_brand-superior","7":"product_cat-przelajowe-gravel","8":"product_cat-rowery","9":"product_cat-rowery-i-akcesoria","11":"first","12":"instock","13":"sale","14":"shipping-taxable","15":"purchasable","16":"product-type-simple"},"uagb_featured_image_src":{"full":["https:\/\/torvaniq.shop\/ro64\/wp-content\/uploads\/2026\/02\/allegro-image-14280.jpg",1327,800,false],"thumbnail":["https:\/\/torvaniq.shop\/ro64\/wp-content\/uploads\/2026\/02\/allegro-image-14280-150x150.jpg",150,150,true],"medium":["https:\/\/torvaniq.shop\/ro64\/wp-content\/uploads\/2026\/02\/allegro-image-14280-300x181.jpg",300,181,true],"medium_large":["https:\/\/torvaniq.shop\/ro64\/wp-content\/uploads\/2026\/02\/allegro-image-14280-768x463.jpg",768,463,true],"large":["https:\/\/torvaniq.shop\/ro64\/wp-content\/uploads\/2026\/02\/allegro-image-14280-1024x617.jpg",1024,617,true],"1536x1536":["https:\/\/torvaniq.shop\/ro64\/wp-content\/uploads\/2026\/02\/allegro-image-14280.jpg",1327,800,false],"2048x2048":["https:\/\/torvaniq.shop\/ro64\/wp-content\/uploads\/2026\/02\/allegro-image-14280.jpg",1327,800,false],"woocommerce_thumbnail":["https:\/\/torvaniq.shop\/ro64\/wp-content\/uploads\/2026\/02\/allegro-image-14280-300x300.jpg",300,300,true],"woocommerce_single":["https:\/\/torvaniq.shop\/ro64\/wp-content\/uploads\/2026\/02\/allegro-image-14280-600x362.jpg",600,362,true],"woocommerce_gallery_thumbnail":["https:\/\/torvaniq.shop\/ro64\/wp-content\/uploads\/2026\/02\/allegro-image-14280-100x100.jpg",100,100,true]},"uagb_author_info":{"display_name":"admin","author_link":"https:\/\/torvaniq.shop\/ro64\/author\/"},"uagb_comment_info":0,"uagb_excerpt":"Superior XR 9.9 GR to najwy\u017cszej klasy rower gravelowy przeznaczony do wy\u015bcig\u00f3w, zaprojektowany z my\u015bl\u0105 o maksymalnej wydajno\u015bci, pr\u0119dko\u015bci i kontroli na r\u00f3\u017cnych nawierzchniach. Jego ultralekka rama z w\u0142\u00f3kna w\u0119glowego XR Race High Modulus \u0142\u0105czy w sobie wydajno\u015b\u0107 wy\u015bcigow\u0105 z geometri\u0105 zaprojektowan\u0105 z my\u015bl\u0105 o agresywnej je\u017adzie i stabilno\u015bci na d\u0142ugich dystansach. Bezprzewodowy nap\u0119d SRAM&hellip;","_links":{"self":[{"href":"https:\/\/torvaniq.shop\/ro64\/wp-json\/wp\/v2\/product\/14280","targetHints":{"allow":["GET"]}}],"collection":[{"href":"https:\/\/torvaniq.shop\/ro64\/wp-json\/wp\/v2\/product"}],"about":[{"href":"https:\/\/torvaniq.shop\/ro64\/wp-json\/wp\/v2\/types\/product"}],"wp:featuredmedia":[{"embeddable":true,"href":"https:\/\/torvaniq.shop\/ro64\/wp-json\/wp\/v2\/media\/14281"}],"wp:attachment":[{"href":"https:\/\/torvaniq.shop\/ro64\/wp-json\/wp\/v2\/media?parent=14280"}],"wp:term":[{"taxonomy":"product_brand","embeddable":true,"href":"https:\/\/torvaniq.shop\/ro64\/wp-json\/wp\/v2\/product_brand?post=14280"},{"taxonomy":"product_cat","embeddable":true,"href":"https:\/\/torvaniq.shop\/ro64\/wp-json\/wp\/v2\/product_cat?post=14280"},{"taxonomy":"product_tag","embeddable":true,"href":"https:\/\/torvaniq.shop\/ro64\/wp-json\/wp\/v2\/product_tag?post=14280"}],"curies":[{"name":"wp","href":"https:\/\/api.w.org\/{rel}","templated":true}]}}